{"id":6474,"date":"2018-02-22T06:55:11","date_gmt":"2018-02-22T06:55:11","guid":{"rendered":"http:\/\/multiconsultores.webtosell.net\/?page_id=6474"},"modified":"2018-02-22T06:55:11","modified_gmt":"2018-02-22T06:55:11","slug":"portfolio","status":"publish","type":"page","link":"https:\/\/ms-consultores.es\/index.php\/portfolio\/","title":{"rendered":"Portfolio"},"content":{"rendered":"<p>[vc_row full_width=\u00bbstretch_row\u00bb css=\u00bb.vc_custom_1518678548865{margin-top: 0px !important;margin-bottom: 0px !important;padding-top: 70px !important;padding-bottom: 50px !important;}\u00bb][vc_column css=\u00bb.vc_custom_1518678599744{padding-top: 0px !important;padding-bottom: 0px !important;}\u00bb][vc_custom_heading source=\u00bbpost_title\u00bb font_container=\u00bbtag:h1|text_align:center\u00bb use_theme_fonts=\u00bbyes\u00bb css=\u00bb.vc_custom_1518678709885{margin-top: 0px !important;margin-bottom: 0px !important;}\u00bb][\/vc_column][\/vc_row][vc_row full_width=\u00bbstretch_row\u00bb css=\u00bb.vc_custom_1518589924686{margin-top: 0px !important;margin-bottom: 0px !important;padding-top: 0px !important;padding-bottom: 70px !important;background-color: #ffffff !important;}\u00bb][vc_column css=\u00bb.vc_custom_1518004853252{padding-top: 0px !important;padding-bottom: 0px !important;}\u00bb]<div class=\"rt-portfolio-box-filter element-one filter-style-one text-center \"><button class=\"matchHeight current-menu-item\" data-filter=\"*\"><span>All Groups<\/span><\/button><button class=\"matchHeight\" data-filter=\".nuestros-servicios\"><span>Nuestros Servicios<\/span><\/button><\/div><div class=\"rt-portfolio-box element-one row isotope has-fancybox\" data-portfolio-box-align=\"center\" style=\"margin-left:-0px; margin-right:-0px;\"><div class=\"rt-portfolio-box-item nuestros-servicios col-lg-4 col-md-4 col-sm-2 col-xs-12\" style=\"padding:0px;\"><div class=\"holder\"><div class=\"pic\"><div class=\"holder\"><img width=\"486\" height=\"324\" src=\"https:\/\/ms-consultores.es\/wp-content\/uploads\/2020\/07\/ms-servicios-portada.jpg\" class=\"attachment-full size-full wp-post-image\" alt=\"compliance\" decoding=\"async\" srcset=\"https:\/\/ms-consultores.es\/wp-content\/uploads\/2020\/07\/ms-servicios-portada.jpg 486w, https:\/\/ms-consultores.es\/wp-content\/uploads\/2020\/07\/ms-servicios-portada-300x200.jpg 300w\" sizes=\"(max-width: 486px) 100vw, 486px\" \/><\/div><\/div><div class=\"title\"><div class=\"table\"><div class=\"table-cell\"><h4>Compliance<\/h4><\/div><\/div><\/div><a class=\"overlay fancybox\" href=\"https:\/\/ms-consultores.es\/wp-content\/uploads\/2020\/07\/ms-servicios-portada.jpg\" style=\"cursor:url(https:\/\/ms-consultores.es\/wp-content\/plugins\/radiantthemes-addons\/portfolio\/images\/rt-portfolio-cursor.png) 25 25, auto;\"><\/a><\/div><\/div><div class=\"rt-portfolio-box-item nuestros-servicios col-lg-4 col-md-4 col-sm-2 col-xs-12\" style=\"padding:0px;\"><div class=\"holder\"><div class=\"pic\"><div class=\"holder\"><img width=\"486\" height=\"324\" src=\"https:\/\/ms-consultores.es\/wp-content\/uploads\/2020\/07\/liderazgo-portada.jpg\" class=\"attachment-full size-full wp-post-image\" alt=\"\" decoding=\"async\" srcset=\"https:\/\/ms-consultores.es\/wp-content\/uploads\/2020\/07\/liderazgo-portada.jpg 486w, https:\/\/ms-consultores.es\/wp-content\/uploads\/2020\/07\/liderazgo-portada-300x200.jpg 300w\" sizes=\"(max-width: 486px) 100vw, 486px\" \/><\/div><\/div><div class=\"title\"><div class=\"table\"><div class=\"table-cell\"><h4>Liderazgo<\/h4><\/div><\/div><\/div><a class=\"overlay fancybox\" href=\"https:\/\/ms-consultores.es\/wp-content\/uploads\/2020\/07\/liderazgo-portada.jpg\" style=\"cursor:url(https:\/\/ms-consultores.es\/wp-content\/plugins\/radiantthemes-addons\/portfolio\/images\/rt-portfolio-cursor.png) 25 25, auto;\"><\/a><\/div><\/div><div class=\"rt-portfolio-box-item nuestros-servicios col-lg-4 col-md-4 col-sm-2 col-xs-12\" style=\"padding:0px;\"><div class=\"holder\"><div class=\"pic\"><div class=\"holder\"><img width=\"486\" height=\"324\" src=\"https:\/\/ms-consultores.es\/wp-content\/uploads\/2020\/07\/plan-de-igualdad.jpg\" class=\"attachment-full size-full wp-post-image\" alt=\"\" decoding=\"async\" srcset=\"https:\/\/ms-consultores.es\/wp-content\/uploads\/2020\/07\/plan-de-igualdad.jpg 486w, https:\/\/ms-consultores.es\/wp-content\/uploads\/2020\/07\/plan-de-igualdad-300x200.jpg 300w\" sizes=\"(max-width: 486px) 100vw, 486px\" \/><\/div><\/div><div class=\"title\"><div class=\"table\"><div class=\"table-cell\"><h4>Planes de Igualdad<\/h4><\/div><\/div><\/div><a class=\"overlay fancybox\" href=\"https:\/\/ms-consultores.es\/wp-content\/uploads\/2020\/07\/plan-de-igualdad.jpg\" style=\"cursor:url(https:\/\/ms-consultores.es\/wp-content\/plugins\/radiantthemes-addons\/portfolio\/images\/rt-portfolio-cursor.png) 25 25, auto;\"><\/a><\/div><\/div><div class=\"rt-portfolio-box-item nuestros-servicios col-lg-4 col-md-4 col-sm-2 col-xs-12\" style=\"padding:0px;\"><div class=\"holder\"><div class=\"pic\"><div class=\"holder\"><img width=\"486\" height=\"324\" src=\"https:\/\/ms-consultores.es\/wp-content\/uploads\/2020\/07\/ms-servicios-portada-1.jpg\" class=\"attachment-full size-full wp-post-image\" alt=\"Responsabilidad Social Corporativa\" decoding=\"async\" srcset=\"https:\/\/ms-consultores.es\/wp-content\/uploads\/2020\/07\/ms-servicios-portada-1.jpg 486w, https:\/\/ms-consultores.es\/wp-content\/uploads\/2020\/07\/ms-servicios-portada-1-300x200.jpg 300w\" sizes=\"(max-width: 486px) 100vw, 486px\" \/><\/div><\/div><div class=\"title\"><div class=\"table\"><div class=\"table-cell\"><h4>Responsabilidad Social Corporativa<\/h4><\/div><\/div><\/div><a class=\"overlay fancybox\" href=\"https:\/\/ms-consultores.es\/wp-content\/uploads\/2020\/07\/ms-servicios-portada-1.jpg\" style=\"cursor:url(https:\/\/ms-consultores.es\/wp-content\/plugins\/radiantthemes-addons\/portfolio\/images\/rt-portfolio-cursor.png) 25 25, auto;\"><\/a><\/div><\/div><div class=\"rt-portfolio-box-item nuestros-servicios col-lg-4 col-md-4 col-sm-2 col-xs-12\" style=\"padding:0px;\"><div class=\"holder\"><div class=\"pic\"><div class=\"holder\"><img width=\"486\" height=\"324\" src=\"https:\/\/ms-consultores.es\/wp-content\/uploads\/2020\/07\/1-5.jpg\" class=\"attachment-full size-full wp-post-image\" alt=\"\" decoding=\"async\" srcset=\"https:\/\/ms-consultores.es\/wp-content\/uploads\/2020\/07\/1-5.jpg 486w, https:\/\/ms-consultores.es\/wp-content\/uploads\/2020\/07\/1-5-300x200.jpg 300w\" sizes=\"(max-width: 486px) 100vw, 486px\" \/><\/div><\/div><div class=\"title\"><div class=\"table\"><div class=\"table-cell\"><h4>Gesti\u00f3n de Recursos Humanos<\/h4><\/div><\/div><\/div><a class=\"overlay fancybox\" href=\"https:\/\/ms-consultores.es\/wp-content\/uploads\/2020\/07\/1-5.jpg\" style=\"cursor:url(https:\/\/ms-consultores.es\/wp-content\/plugins\/radiantthemes-addons\/portfolio\/images\/rt-portfolio-cursor.png) 25 25, auto;\"><\/a><\/div><\/div><div class=\"rt-portfolio-box-item nuestros-servicios col-lg-4 col-md-4 col-sm-2 col-xs-12\" style=\"padding:0px;\"><div class=\"holder\"><div class=\"pic\"><div class=\"holder\"><img width=\"486\" height=\"324\" src=\"https:\/\/ms-consultores.es\/wp-content\/uploads\/2020\/07\/4-5.jpg\" class=\"attachment-full size-full wp-post-image\" alt=\"Planificaci\u00f3n Estrat\u00e9gica de la Empresa\" decoding=\"async\" srcset=\"https:\/\/ms-consultores.es\/wp-content\/uploads\/2020\/07\/4-5.jpg 486w, https:\/\/ms-consultores.es\/wp-content\/uploads\/2020\/07\/4-5-300x200.jpg 300w\" sizes=\"(max-width: 486px) 100vw, 486px\" \/><\/div><\/div><div class=\"title\"><div class=\"table\"><div class=\"table-cell\"><h4>Planificaci\u00f3n estrat\u00e9gica de la empresa<\/h4><\/div><\/div><\/div><a class=\"overlay fancybox\" href=\"https:\/\/ms-consultores.es\/wp-content\/uploads\/2020\/07\/4-5.jpg\" style=\"cursor:url(https:\/\/ms-consultores.es\/wp-content\/plugins\/radiantthemes-addons\/portfolio\/images\/rt-portfolio-cursor.png) 25 25, auto;\"><\/a><\/div><\/div><div class=\"rt-portfolio-box-item nuestros-servicios col-lg-4 col-md-4 col-sm-2 col-xs-12\" style=\"padding:0px;\"><div class=\"holder\"><div class=\"pic\"><div class=\"holder\"><img width=\"486\" height=\"324\" src=\"https:\/\/ms-consultores.es\/wp-content\/uploads\/2020\/07\/2-6.jpg\" class=\"attachment-full size-full wp-post-image\" alt=\"Gesti\u00f3n de la Innovaci\u00f3n\" decoding=\"async\" srcset=\"https:\/\/ms-consultores.es\/wp-content\/uploads\/2020\/07\/2-6.jpg 486w, https:\/\/ms-consultores.es\/wp-content\/uploads\/2020\/07\/2-6-300x200.jpg 300w\" sizes=\"(max-width: 486px) 100vw, 486px\" \/><\/div><\/div><div class=\"title\"><div class=\"table\"><div class=\"table-cell\"><h4>Gesti\u00f3n de la Innovaci\u00f3n<\/h4><\/div><\/div><\/div><a class=\"overlay fancybox\" href=\"https:\/\/ms-consultores.es\/wp-content\/uploads\/2020\/07\/2-6.jpg\" style=\"cursor:url(https:\/\/ms-consultores.es\/wp-content\/plugins\/radiantthemes-addons\/portfolio\/images\/rt-portfolio-cursor.png) 25 25, auto;\"><\/a><\/div><\/div><div class=\"rt-portfolio-box-item nuestros-servicios col-lg-4 col-md-4 col-sm-2 col-xs-12\" style=\"padding:0px;\"><div class=\"holder\"><div class=\"pic\"><div class=\"holder\"><img width=\"486\" height=\"324\" src=\"https:\/\/ms-consultores.es\/wp-content\/uploads\/2017\/11\/1-1.jpg\" class=\"attachment-full size-full wp-post-image\" alt=\"gesti\u00f3n de proyectoes y captaci\u00f3n de financiaci\u00f3n\" decoding=\"async\" srcset=\"https:\/\/ms-consultores.es\/wp-content\/uploads\/2017\/11\/1-1.jpg 486w, https:\/\/ms-consultores.es\/wp-content\/uploads\/2017\/11\/1-1-300x200.jpg 300w\" sizes=\"(max-width: 486px) 100vw, 486px\" \/><\/div><\/div><div class=\"title\"><div class=\"table\"><div class=\"table-cell\"><h4>Gesti\u00f3n de Proyectos y Captaci\u00f3n de Financiaci\u00f3n<\/h4><\/div><\/div><\/div><a class=\"overlay fancybox\" href=\"https:\/\/ms-consultores.es\/wp-content\/uploads\/2017\/11\/1-1.jpg\" style=\"cursor:url(https:\/\/ms-consultores.es\/wp-content\/plugins\/radiantthemes-addons\/portfolio\/images\/rt-portfolio-cursor.png) 25 25, auto;\"><\/a><\/div><\/div><\/div>[\/vc_column][\/vc_row]<\/p>\n","protected":false},"excerpt":{"rendered":"<p>[vc_row full_width=\u00bbstretch_row\u00bb css=\u00bb.vc_custom_1518678548865{margin-top: 0px !important;margin-bottom: 0px !important;padding-top: 70px !important;padding-bottom: 50px !important;}\u00bb][vc_column css=\u00bb.vc_custom_1518678599744{padding-top: 0px !important;padding-bottom: 0px !important;}\u00bb][vc_custom_heading source=\u00bbpost_title\u00bb font_container=\u00bbtag:h1|text_align:center\u00bb use_theme_fonts=\u00bbyes\u00bb css=\u00bb.vc_custom_1518678709885{margin-top: 0px !important;margin-bottom: 0px !important;}\u00bb][\/vc_column][\/vc_row][vc_row full_width=\u00bbstretch_row\u00bb css=\u00bb.vc_custom_1518589924686{margin-top: 0px !important;margin-bottom: 0px !important;padding-top: 0px !important;padding-bottom: 70px !important;background-color: #ffffff !important;}\u00bb][vc_column css=\u00bb.vc_custom_1518004853252{padding-top: 0px !important;padding-bottom: 0px !important;}\u00bb][\/vc_column][\/vc_row]<\/p>\n","protected":false},"author":1,"featured_media":0,"parent":0,"menu_order":0,"comment_status":"closed","ping_status":"closed","template":"","meta":[],"yoast_head":"<!-- This site is optimized with the Yoast SEO plugin v21.5 - https:\/\/yoast.com\/wordpress\/plugins\/seo\/ -->\n<title>Portfolio - MS Consultores<\/title>\n<meta name=\"robots\" content=\"index, follow, max-snippet:-1, max-image-preview:large, max-video-preview:-1\" \/>\n<link rel=\"canonical\" href=\"https:\/\/ms-consultores.es\/index.php\/portfolio\/\" \/>\n<meta property=\"og:locale\" content=\"es_ES\" \/>\n<meta property=\"og:type\" content=\"article\" \/>\n<meta property=\"og:title\" content=\"Portfolio - MS Consultores\" \/>\n<meta property=\"og:description\" content=\"[vc_row full_width=\u00bbstretch_row\u00bb css=\u00bb.vc_custom_1518678548865{margin-top: 0px !important;margin-bottom: 0px !important;padding-top: 70px !important;padding-bottom: 50px !important;}\u00bb][vc_column css=\u00bb.vc_custom_1518678599744{padding-top: 0px !important;padding-bottom: 0px !important;}\u00bb][vc_custom_heading source=\u00bbpost_title\u00bb font_container=\u00bbtag:h1|text_align:center\u00bb use_theme_fonts=\u00bbyes\u00bb css=\u00bb.vc_custom_1518678709885{margin-top: 0px !important;margin-bottom: 0px !important;}\u00bb][\/vc_column][\/vc_row][vc_row full_width=\u00bbstretch_row\u00bb css=\u00bb.vc_custom_1518589924686{margin-top: 0px !important;margin-bottom: 0px !important;padding-top: 0px !important;padding-bottom: 70px !important;background-color: #ffffff !important;}\u00bb][vc_column css=\u00bb.vc_custom_1518004853252{padding-top: 0px !important;padding-bottom: 0px !important;}\u00bb][\/vc_column][\/vc_row]\" \/>\n<meta property=\"og:url\" content=\"https:\/\/ms-consultores.es\/index.php\/portfolio\/\" \/>\n<meta property=\"og:site_name\" content=\"MS Consultores\" \/>\n<meta property=\"og:image\" content=\"https:\/\/ms-consultores.es\/wp-content\/uploads\/2020\/07\/ms-consultores-logo-png.png\" \/>\n\t<meta property=\"og:image:width\" content=\"200\" \/>\n\t<meta property=\"og:image:height\" content=\"200\" \/>\n\t<meta property=\"og:image:type\" content=\"image\/png\" \/>\n<meta name=\"twitter:card\" content=\"summary_large_image\" \/>\n<meta name=\"twitter:label1\" content=\"Tiempo de lectura\" \/>\n\t<meta name=\"twitter:data1\" content=\"1 minuto\" \/>\n<script type=\"application\/ld+json\" class=\"yoast-schema-graph\">{\"@context\":\"https:\/\/schema.org\",\"@graph\":[{\"@type\":\"WebPage\",\"@id\":\"https:\/\/ms-consultores.es\/index.php\/portfolio\/\",\"url\":\"https:\/\/ms-consultores.es\/index.php\/portfolio\/\",\"name\":\"Portfolio - MS Consultores\",\"isPartOf\":{\"@id\":\"https:\/\/ms-consultores.es\/#website\"},\"datePublished\":\"2018-02-22T06:55:11+00:00\",\"dateModified\":\"2018-02-22T06:55:11+00:00\",\"breadcrumb\":{\"@id\":\"https:\/\/ms-consultores.es\/index.php\/portfolio\/#breadcrumb\"},\"inLanguage\":\"es\",\"potentialAction\":[{\"@type\":\"ReadAction\",\"target\":[\"https:\/\/ms-consultores.es\/index.php\/portfolio\/\"]}]},{\"@type\":\"BreadcrumbList\",\"@id\":\"https:\/\/ms-consultores.es\/index.php\/portfolio\/#breadcrumb\",\"itemListElement\":[{\"@type\":\"ListItem\",\"position\":1,\"name\":\"Portada\",\"item\":\"https:\/\/ms-consultores.es\/\"},{\"@type\":\"ListItem\",\"position\":2,\"name\":\"Portfolio\"}]},{\"@type\":\"WebSite\",\"@id\":\"https:\/\/ms-consultores.es\/#website\",\"url\":\"https:\/\/ms-consultores.es\/\",\"name\":\"MS-Consultores\",\"description\":\"\",\"publisher\":{\"@id\":\"https:\/\/ms-consultores.es\/#organization\"},\"potentialAction\":[{\"@type\":\"SearchAction\",\"target\":{\"@type\":\"EntryPoint\",\"urlTemplate\":\"https:\/\/ms-consultores.es\/?s={search_term_string}\"},\"query-input\":\"required name=search_term_string\"}],\"inLanguage\":\"es\"},{\"@type\":\"Organization\",\"@id\":\"https:\/\/ms-consultores.es\/#organization\",\"name\":\"MS-Consultores\",\"url\":\"https:\/\/ms-consultores.es\/\",\"logo\":{\"@type\":\"ImageObject\",\"inLanguage\":\"es\",\"@id\":\"https:\/\/ms-consultores.es\/#\/schema\/logo\/image\/\",\"url\":\"https:\/\/ms-consultores.es\/wp-content\/uploads\/2020\/07\/ms-consultores-logo-png.png\",\"contentUrl\":\"https:\/\/ms-consultores.es\/wp-content\/uploads\/2020\/07\/ms-consultores-logo-png.png\",\"width\":200,\"height\":200,\"caption\":\"MS-Consultores\"},\"image\":{\"@id\":\"https:\/\/ms-consultores.es\/#\/schema\/logo\/image\/\"}}]}<\/script>\n<!-- \/ Yoast SEO plugin. -->","yoast_head_json":{"title":"Portfolio - MS Consultores","robots":{"index":"index","follow":"follow","max-snippet":"max-snippet:-1","max-image-preview":"max-image-preview:large","max-video-preview":"max-video-preview:-1"},"canonical":"https:\/\/ms-consultores.es\/index.php\/portfolio\/","og_locale":"es_ES","og_type":"article","og_title":"Portfolio - MS Consultores","og_description":"[vc_row full_width=\u00bbstretch_row\u00bb css=\u00bb.vc_custom_1518678548865{margin-top: 0px !important;margin-bottom: 0px !important;padding-top: 70px !important;padding-bottom: 50px !important;}\u00bb][vc_column css=\u00bb.vc_custom_1518678599744{padding-top: 0px !important;padding-bottom: 0px !important;}\u00bb][vc_custom_heading source=\u00bbpost_title\u00bb font_container=\u00bbtag:h1|text_align:center\u00bb use_theme_fonts=\u00bbyes\u00bb css=\u00bb.vc_custom_1518678709885{margin-top: 0px !important;margin-bottom: 0px !important;}\u00bb][\/vc_column][\/vc_row][vc_row full_width=\u00bbstretch_row\u00bb css=\u00bb.vc_custom_1518589924686{margin-top: 0px !important;margin-bottom: 0px !important;padding-top: 0px !important;padding-bottom: 70px !important;background-color: #ffffff !important;}\u00bb][vc_column css=\u00bb.vc_custom_1518004853252{padding-top: 0px !important;padding-bottom: 0px !important;}\u00bb][\/vc_column][\/vc_row]","og_url":"https:\/\/ms-consultores.es\/index.php\/portfolio\/","og_site_name":"MS Consultores","og_image":[{"width":200,"height":200,"url":"https:\/\/ms-consultores.es\/wp-content\/uploads\/2020\/07\/ms-consultores-logo-png.png","type":"image\/png"}],"twitter_card":"summary_large_image","twitter_misc":{"Tiempo de lectura":"1 minuto"},"schema":{"@context":"https:\/\/schema.org","@graph":[{"@type":"WebPage","@id":"https:\/\/ms-consultores.es\/index.php\/portfolio\/","url":"https:\/\/ms-consultores.es\/index.php\/portfolio\/","name":"Portfolio - MS Consultores","isPartOf":{"@id":"https:\/\/ms-consultores.es\/#website"},"datePublished":"2018-02-22T06:55:11+00:00","dateModified":"2018-02-22T06:55:11+00:00","breadcrumb":{"@id":"https:\/\/ms-consultores.es\/index.php\/portfolio\/#breadcrumb"},"inLanguage":"es","potentialAction":[{"@type":"ReadAction","target":["https:\/\/ms-consultores.es\/index.php\/portfolio\/"]}]},{"@type":"BreadcrumbList","@id":"https:\/\/ms-consultores.es\/index.php\/portfolio\/#breadcrumb","itemListElement":[{"@type":"ListItem","position":1,"name":"Portada","item":"https:\/\/ms-consultores.es\/"},{"@type":"ListItem","position":2,"name":"Portfolio"}]},{"@type":"WebSite","@id":"https:\/\/ms-consultores.es\/#website","url":"https:\/\/ms-consultores.es\/","name":"MS-Consultores","description":"","publisher":{"@id":"https:\/\/ms-consultores.es\/#organization"},"potentialAction":[{"@type":"SearchAction","target":{"@type":"EntryPoint","urlTemplate":"https:\/\/ms-consultores.es\/?s={search_term_string}"},"query-input":"required name=search_term_string"}],"inLanguage":"es"},{"@type":"Organization","@id":"https:\/\/ms-consultores.es\/#organization","name":"MS-Consultores","url":"https:\/\/ms-consultores.es\/","logo":{"@type":"ImageObject","inLanguage":"es","@id":"https:\/\/ms-consultores.es\/#\/schema\/logo\/image\/","url":"https:\/\/ms-consultores.es\/wp-content\/uploads\/2020\/07\/ms-consultores-logo-png.png","contentUrl":"https:\/\/ms-consultores.es\/wp-content\/uploads\/2020\/07\/ms-consultores-logo-png.png","width":200,"height":200,"caption":"MS-Consultores"},"image":{"@id":"https:\/\/ms-consultores.es\/#\/schema\/logo\/image\/"}}]}},"_links":{"self":[{"href":"https:\/\/ms-consultores.es\/index.php\/wp-json\/wp\/v2\/pages\/6474"}],"collection":[{"href":"https:\/\/ms-consultores.es\/index.php\/wp-json\/wp\/v2\/pages"}],"about":[{"href":"https:\/\/ms-consultores.es\/index.php\/wp-json\/wp\/v2\/types\/page"}],"author":[{"embeddable":true,"href":"https:\/\/ms-consultores.es\/index.php\/wp-json\/wp\/v2\/users\/1"}],"replies":[{"embeddable":true,"href":"https:\/\/ms-consultores.es\/index.php\/wp-json\/wp\/v2\/comments?post=6474"}],"version-history":[{"count":0,"href":"https:\/\/ms-consultores.es\/index.php\/wp-json\/wp\/v2\/pages\/6474\/revisions"}],"wp:attachment":[{"href":"https:\/\/ms-consultores.es\/index.php\/wp-json\/wp\/v2\/media?parent=6474"}],"curies":[{"name":"wp","href":"https:\/\/api.w.org\/{rel}","templated":true}]}}