{"id":7116,"date":"2018-02-28T07:29:38","date_gmt":"2018-02-28T07:29:38","guid":{"rendered":"http:\/\/multiconsultores.webtosell.net\/?page_id=7116"},"modified":"2023-06-12T12:03:41","modified_gmt":"2023-06-12T10:03:41","slug":"contacto","status":"publish","type":"page","link":"https:\/\/ms-consultores.es\/index.php\/contacto\/","title":{"rendered":"Contacto"},"content":{"rendered":"<p>[vc_row full_width=\u00bbstretch_row_content_no_spaces\u00bb equal_height=\u00bbyes\u00bb css_animation=\u00bbnone\u00bb css=\u00bb.vc_custom_1519735092933{margin-top: 0px !important;margin-bottom: 0px !important;padding-top: 0px !important;padding-bottom: 0px !important;}\u00bb][vc_column css=\u00bb.vc_custom_1519733353854{margin-top: 0px !important;margin-bottom: 0px !important;padding-top: 0px !important;padding-bottom: 0px !important;background-color: #ffffff !important;}\u00bb][vc_gmaps link=\u00bb#E-8_JTNDaWZyYW1lJTIwc3JjJTNEJTIyaHR0cHMlM0ElMkYlMkZ3d3cuZ29vZ2xlLmNvbSUyRm1hcHMlMkZlbWJlZCUzRnBiJTNEJTIxMW0xOCUyMTFtMTIlMjExbTMlMjExZDMxMTMuNTU1NDc5ODk1MzAzNSUyMTJkLTAuNDc2MzQ5ODg0MzE1MjIxOCUyMTNkMzguNzA1MDUzOTY1ODYzMTklMjEybTMlMjExZjAlMjEyZjAlMjEzZjAlMjEzbTIlMjExaTEwMjQlMjEyaTc2OCUyMTRmMTMuMSUyMTNtMyUyMTFtMiUyMTFzMHhkNjE4NjQ1ZmNiMTFmNjclMjUzQTB4MjhjZjBhNDI0NDc1NjhkNCUyMTJzQXYuJTI1MjBKdWFuJTI1MjBHaWwlMjUyMEFsYmVydCUyNTJDJTI1MjAxJTI1MkMlMjUyMDAzODA0JTI1MjBBbGNveSUyNTJDJTI1MjBBbGljYW50ZSUyMTVlMCUyMTNtMiUyMTFzZXMlMjEyc2VzJTIxNHYxNTk0MTk5ODQ5MTI0JTIxNW0yJTIxMXNlcyUyMTJzZXMlMjIlMjB3aWR0aCUzRCUyMjEwMCUyNSUyMiUyMGhlaWdodCUzRCUyMjQ1MCUyMiUyMGZyYW1lYm9yZGVyJTNEJTIyMCUyMiUyMHN0eWxlJTNEJTIyYm9yZGVyJTNBMCUzQiUyMiUyMGFsbG93ZnVsbHNjcmVlbiUzRCUyMiUyMiUyMGFyaWEtaGlkZGVuJTNEJTIyZmFsc2UlMjIlMjB0YWJpbmRleCUzRCUyMjAlMjIlM0UlM0MlMkZpZnJhbWUlM0U=\u00bb css=\u00bb.vc_custom_1594199863706{margin-top: 0px !important;margin-bottom: 0px !important;padding-top: 0px !important;padding-bottom: 0px !important;}\u00bb el_class=\u00bbmap\u00bb][\/vc_column][\/vc_row][vc_section full_width=\u00bbstretch_row\u00bb css=\u00bb.vc_custom_1519729320894{margin-top: 0px !important;margin-bottom: 0px !important;padding-top: 0px !important;padding-bottom: 0px !important;background-color: #ffffff !important;background-position: center !important;background-repeat: no-repeat !important;background-size: cover !important;}\u00bb][vc_row full_width=\u00bbstretch_row\u00bb equal_height=\u00bbyes\u00bb css_animation=\u00bbnone\u00bb css=\u00bb.vc_custom_1519735285326{margin-top: 0px !important;margin-bottom: 0px !important;padding-top: 73px !important;padding-bottom: 73px !important;background-color: #f7f7f7 !important;}\u00bb][vc_column width=\u00bb1\/6&#8243; css=\u00bb.vc_custom_1519735313463{margin-top: 0px !important;margin-bottom: 0px !important;padding-top: 0px !important;padding-bottom: 0px !important;}\u00bb][\/vc_column][vc_column width=\u00bb2\/3&#8243;][vc_custom_heading text=\u00bb\u00bfTienes alguna consulta?\u00bb font_container=\u00bbtag:h1|font_size:36px|text_align:center|line_height:45px\u00bb use_theme_fonts=\u00bbyes\u00bb css_animation=\u00bbnone\u00bb css=\u00bb.vc_custom_1594200099448{margin-top: 0px !important;margin-bottom: 0px !important;padding-top: 0px !important;padding-bottom: 0px !important;}\u00bb][vc_column_text css_animation=\u00bbnone\u00bb css=\u00bb.vc_custom_1686564217437{margin-top: 15px !important;margin-bottom: 0px !important;padding-top: 0px !important;padding-right: 0px !important;padding-bottom: 0px !important;padding-left: 0px !important;}\u00bb]<\/p>\n<h2 style=\"text-align: center;\"><span style=\"font-size: 12pt;\">Ll\u00e1manos o rellena el siguiente formulario y resolveremos tus dudas lo antes posible.<\/span><\/h2>\n<p>[\/vc_column_text]\r<!-- rt-cf7 -->\r<div class=\"radiant-contact-form rt618562ae5b36acf element-one \"  >\n<div class=\"wpcf7 no-js\" id=\"wpcf7-f7086-o1\" lang=\"en-US\" dir=\"ltr\">\n<div class=\"screen-reader-response\"><p role=\"status\" aria-live=\"polite\" aria-atomic=\"true\"><\/p> <ul><\/ul><\/div>\n<form action=\"\/index.php\/wp-json\/wp\/v2\/pages\/7116#wpcf7-f7086-o1\" method=\"post\" class=\"wpcf7-form init\" aria-label=\"Contact form\" novalidate=\"novalidate\" data-status=\"init\">\n<div style=\"display: none;\">\n<input type=\"hidden\" name=\"_wpcf7\" value=\"7086\" \/>\n<input type=\"hidden\" name=\"_wpcf7_version\" value=\"5.8.7\" \/>\n<input type=\"hidden\" name=\"_wpcf7_locale\" value=\"en_US\" \/>\n<input type=\"hidden\" name=\"_wpcf7_unit_tag\" value=\"wpcf7-f7086-o1\" \/>\n<input type=\"hidden\" name=\"_wpcf7_container_post\" value=\"0\" \/>\n<input type=\"hidden\" name=\"_wpcf7_posted_data_hash\" value=\"\" \/>\n<\/div>\n<div class=\"row\">\n\t<div class=\"col-lg-6 col-md-6 col-sm-12 col-xs-12\">\n\t\t<div class=\"form-row\">\n\t\t\t<p><span class=\"wpcf7-form-control-wrap\" data-name=\"Name\"><input size=\"40\" class=\"wpcf7-form-control wpcf7-text wpcf7-validates-as-required\" aria-required=\"true\" aria-invalid=\"false\" placeholder=\"Tu Nombre:\" value=\"\" type=\"text\" name=\"Name\" \/><\/span>\n\t\t\t<\/p>\n\t\t<\/div>\n\t<\/div>\n\t<div class=\"col-lg-6 col-md-6 col-sm-12 col-xs-12\">\n\t\t<div class=\"form-row\">\n\t\t\t<p><span class=\"wpcf7-form-control-wrap\" data-name=\"email\"><input size=\"40\" class=\"wpcf7-form-control wpcf7-email wpcf7-validates-as-required wpcf7-text wpcf7-validates-as-email\" aria-required=\"true\" aria-invalid=\"false\" placeholder=\"Tu E-mail:\" value=\"\" type=\"email\" name=\"email\" \/><\/span>\n\t\t\t<\/p>\n\t\t<\/div>\n\t<\/div>\n\t<div class=\"col-lg-12 col-md-12 col-sm-12 col-xs-12\">\n\t\t<div class=\"form-row\">\n\t\t\t<p><span class=\"wpcf7-form-control-wrap\" data-name=\"subject\"><input size=\"40\" class=\"wpcf7-form-control wpcf7-text\" aria-invalid=\"false\" placeholder=\"Asunto:\" value=\"\" type=\"text\" name=\"subject\" \/><\/span>\n\t\t\t<\/p>\n\t\t<\/div>\n\t<\/div>\n\t<div class=\"col-lg-12 col-md-12 col-sm-12 col-xs-12\">\n\t\t<div class=\"form-row \">\n\t\t\t<p><span class=\"wpcf7-form-control-wrap\" data-name=\"message\"><textarea cols=\"40\" rows=\"10\" class=\"wpcf7-form-control wpcf7-textarea\" aria-invalid=\"false\" placeholder=\"Mensaje:\" name=\"message\"><\/textarea><\/span>\n\t\t\t<\/p>\n\t\t<\/div>\n\t<\/div>\n\t<div class=\"col-lg-12 col-md-12 col-sm-12 col-xs-12\">\n\t\t<div class=\"form-row last button text-center\">\n\t\t\t<p>*Los datos de car\u00e1cter personal que consten en la consulta ser\u00e1n tratados por MORATAL SANCHIS CONSULTORES SL e incorporados a la actividad de tratamiento CONTACTOS, cuya finalidad es atender tus solicitudes, peticiones o consultas recibidas desde la web, mediante correo electr\u00f3nico o telef\u00f3nico. Dar respuesta a tu solicitud y hacer un seguimiento posterior. La legitimaci\u00f3n del tratamiento es tu consentimiento. Tus datos no ser\u00e1n cedidos a terceros. Tienes derecho a acceder, rectificar y suprimir tus datos, as\u00ed como otros derechos como se explica en nuestra pol\u00edtica de privacidad: https:\/\/www.adelopd.com\/privacidad\/moratal-sanchis-consultores-sl\n\t\t\t<\/p>\n\t\t\t<p><input class=\"wpcf7-form-control wpcf7-submit has-spinner custom-btn-submit2\" type=\"submit\" value=\"ENVIAR\" \/>\n\t\t\t<\/p>\n\t\t<\/div>\n\t<\/div>\n<\/div><div class=\"wpcf7-response-output\" aria-hidden=\"true\"><\/div>\n<\/form>\n<\/div>\n<\/div>\r<!-- rt-cf7 -->\r[\/vc_column][vc_column width=\u00bb1\/6&#8243;][\/vc_column][\/vc_row][\/vc_section][vc_row full_width=\u00bbstretch_row\u00bb gap=\u00bb35&#8243; equal_height=\u00bbyes\u00bb css_animation=\u00bbnone\u00bb css=\u00bb.vc_custom_1519736155648{margin-top: 0px !important;margin-bottom: 0px !important;padding-top: 73px !important;padding-bottom: 73px !important;background-color: #ffffff !important;}\u00bb][vc_column width=\u00bb1\/3&#8243; css=\u00bb.vc_custom_1519736485121{margin-top: 0px !important;margin-bottom: 0px !important;padding-top: 0px !important;padding-bottom: 0px !important;}\u00bb el_class=\u00bbborder-right\u00bb][vc_single_image image=\u00bb7125&#8243; img_size=\u00bbfull\u00bb alignment=\u00bbcenter\u00bb css=\u00bb.vc_custom_1519805143479{margin-top: 0px !important;margin-bottom: 10px !important;padding-top: 0px !important;padding-bottom: 0px !important;}\u00bb][vc_custom_heading text=\u00bbLL\u00c1MANOS\u00bb font_container=\u00bbtag:h3|font_size:16px|text_align:center|line_height:24px\u00bb use_theme_fonts=\u00bbyes\u00bb][vc_column_text css_animation=\u00bbnone\u00bb css=\u00bb.vc_custom_1594199528818{margin-top: 15px !important;margin-bottom: 0px !important;padding-top: 0px !important;padding-right: 0px !important;padding-bottom: 0px !important;padding-left: 0px !important;}\u00bb]<\/p>\n<p style=\"text-align: center;\">\u00a1Si quieres realizarnos cualquier consulta no dudes en llamarnos!<\/p>\n<p>[\/vc_column_text][vc_custom_heading text=\u00bb673 836 746&#8243; font_container=\u00bbtag:h4|font_size:16px|text_align:center|color:%230f91a0|line_height:24px\u00bb use_theme_fonts=\u00bbyes\u00bb css=\u00bb.vc_custom_1596105991049{margin-top: 25px !important;margin-bottom: 0px !important;padding-top: 0px !important;padding-bottom: 0px !important;}\u00bb][\/vc_column][vc_column width=\u00bb1\/3&#8243; css=\u00bb.vc_custom_1519736498190{margin-top: 0px !important;margin-bottom: 0px !important;padding-top: 0px !important;padding-bottom: 0px !important;}\u00bb el_class=\u00bbborder-right\u00bb][vc_single_image image=\u00bb7127&#8243; img_size=\u00bbfull\u00bb alignment=\u00bbcenter\u00bb css=\u00bb.vc_custom_1519805166433{margin-top: 0px !important;margin-bottom: 10px !important;padding-top: 0px !important;padding-bottom: 0px !important;}\u00bb][vc_custom_heading text=\u00bbEMAIL\u00bb font_container=\u00bbtag:h3|font_size:16px|text_align:center|line_height:24px\u00bb use_theme_fonts=\u00bbyes\u00bb][vc_column_text css_animation=\u00bbnone\u00bb css=\u00bb.vc_custom_1594199572054{margin-top: 15px !important;margin-bottom: 0px !important;padding-top: 0px !important;padding-right: 0px !important;padding-bottom: 0px !important;padding-left: 0px !important;}\u00bb]<\/p>\n<p style=\"text-align: center;\">Tambi\u00e9n puedes enviarnos un email y te responderemos lo antes posible.<\/p>\n<p>[\/vc_column_text][vc_custom_heading text=\u00bbinfo@ms-consultores.es\u00bb font_container=\u00bbtag:h4|font_size:16px|text_align:center|color:%230f91a0|line_height:24px\u00bb use_theme_fonts=\u00bbyes\u00bb css=\u00bb.vc_custom_1596104249907{margin-top: 25px !important;margin-bottom: 0px !important;padding-top: 0px !important;padding-bottom: 0px !important;}\u00bb][\/vc_column][vc_column width=\u00bb1\/3&#8243; css=\u00bb.vc_custom_1519736281484{margin-top: 0px !important;margin-bottom: 0px !important;padding-top: 0px !important;padding-bottom: 0px !important;}\u00bb][vc_single_image image=\u00bb7128&#8243; img_size=\u00bbfull\u00bb alignment=\u00bbcenter\u00bb css=\u00bb.vc_custom_1519805188631{margin-top: 0px !important;margin-bottom: 10px !important;padding-top: 0px !important;padding-bottom: 0px !important;}\u00bb][vc_custom_heading text=\u00bb\u00bfD\u00d3NDE ESTAMOS?\u00bb font_container=\u00bbtag:h3|font_size:16px|text_align:center|line_height:24px\u00bb use_theme_fonts=\u00bbyes\u00bb][vc_column_text css_animation=\u00bbnone\u00bb css=\u00bb.vc_custom_1594199609710{margin-top: 15px !important;margin-bottom: 0px !important;padding-top: 0px !important;padding-right: 0px !important;padding-bottom: 0px !important;padding-left: 0px !important;}\u00bb]<\/p>\n<p style=\"text-align: center;\">Podr\u00e1s encontrarnos en nuestras oficinas en la siguiente direcci\u00f3n:<\/p>\n<p>[\/vc_column_text][vc_custom_heading text=\u00bbEDIFICIO ALCOY PLAZA<br \/>\nAVDA JUAN GIL ALBERT, 1 &#8211; 1\u00ba PISO<br \/>\n03804 &#8211; ALCOY (ALICANTE)\u00bb font_container=\u00bbtag:h4|font_size:16px|text_align:center|color:%230f91a0|line_height:24px\u00bb use_theme_fonts=\u00bbyes\u00bb css=\u00bb.vc_custom_1594199647171{margin-top: 25px !important;margin-bottom: 0px !important;padding-top: 0px !important;padding-bottom: 0px !important;}\u00bb][\/vc_column][\/vc_row]<\/p>\n","protected":false},"excerpt":{"rendered":"<p>[vc_row full_width=\u00bbstretch_row_content_no_spaces\u00bb equal_height=\u00bbyes\u00bb css_animation=\u00bbnone\u00bb css=\u00bb.vc_custom_1519735092933{margin-top: 0px !important;margin-bottom: 0px !important;padding-top: 0px !important;padding-bottom: 0px !important;}\u00bb][vc_column css=\u00bb.vc_custom_1519733353854{margin-top: 0px !important;margin-bottom: 0px !important;padding-top: 0px !important;padding-bottom: 0px !important;background-color: #ffffff !important;}\u00bb][vc_gmaps link=\u00bb#E-8_JTNDaWZyYW1lJTIwc3JjJTNEJTIyaHR0cHMlM0ElMkYlMkZ3d3cuZ29vZ2xlLmNvbSUyRm1hcHMlMkZlbWJlZCUzRnBiJTNEJTIxMW0xOCUyMTFtMTIlMjExbTMlMjExZDMxMTMuNTU1NDc5ODk1MzAzNSUyMTJkLTAuNDc2MzQ5ODg0MzE1MjIxOCUyMTNkMzguNzA1MDUzOTY1ODYzMTklMjEybTMlMjExZjAlMjEyZjAlMjEzZjAlMjEzbTIlMjExaTEwMjQlMjEyaTc2OCUyMTRmMTMuMSUyMTNtMyUyMTFtMiUyMTFzMHhkNjE4NjQ1ZmNiMTFmNjclMjUzQTB4MjhjZjBhNDI0NDc1NjhkNCUyMTJzQXYuJTI1MjBKdWFuJTI1MjBHaWwlMjUyMEFsYmVydCUyNTJDJTI1MjAxJTI1MkMlMjUyMDAzODA0JTI1MjBBbGNveSUyNTJDJTI1MjBBbGljYW50ZSUyMTVlMCUyMTNtMiUyMTFzZXMlMjEyc2VzJTIxNHYxNTk0MTk5ODQ5MTI0JTIxNW0yJTIxMXNlcyUyMTJzZXMlMjIlMjB3aWR0aCUzRCUyMjEwMCUyNSUyMiUyMGhlaWdodCUzRCUyMjQ1MCUyMiUyMGZyYW1lYm9yZGVyJTNEJTIyMCUyMiUyMHN0eWxlJTNEJTIyYm9yZGVyJTNBMCUzQiUyMiUyMGFsbG93ZnVsbHNjcmVlbiUzRCUyMiUyMiUyMGFyaWEtaGlkZGVuJTNEJTIyZmFsc2UlMjIlMjB0YWJpbmRleCUzRCUyMjAlMjIlM0UlM0MlMkZpZnJhbWUlM0U=\u00bb css=\u00bb.vc_custom_1594199863706{margin-top: 0px !important;margin-bottom: 0px !important;padding-top: 0px !important;padding-bottom: 0px !important;}\u00bb el_class=\u00bbmap\u00bb][\/vc_column][\/vc_row][vc_section full_width=\u00bbstretch_row\u00bb css=\u00bb.vc_custom_1519729320894{margin-top: 0px !important;margin-bottom: 0px !important;padding-top: 0px !important;padding-bottom: 0px !important;background-color: #ffffff !important;background-position: center !important;background-repeat: no-repeat !important;background-size: cover !important;}\u00bb][vc_row full_width=\u00bbstretch_row\u00bb equal_height=\u00bbyes\u00bb [&hellip;]<\/p>\n","protected":false},"author":1,"featured_media":0,"parent":0,"menu_order":0,"comment_status":"closed","ping_status":"closed","template":"","meta":[],"yoast_head":"<!-- This site is optimized with the Yoast SEO plugin v21.5 - https:\/\/yoast.com\/wordpress\/plugins\/seo\/ -->\n<title>Contacta con Nosotros - MS Consultores<\/title>\n<meta name=\"description\" content=\"Ponte en contacto con MS Consultores para recibir asesoramiento profesional en consultor\u00eda empresarial. Estamos aqu\u00ed para ayudarte.\" \/>\n<meta name=\"robots\" content=\"index, follow, max-snippet:-1, max-image-preview:large, max-video-preview:-1\" \/>\n<link rel=\"canonical\" href=\"https:\/\/ms-consultores.es\/index.php\/contacto\/\" \/>\n<meta property=\"og:locale\" content=\"es_ES\" \/>\n<meta property=\"og:type\" content=\"article\" \/>\n<meta property=\"og:title\" content=\"Contacta con Nosotros - MS Consultores\" \/>\n<meta property=\"og:description\" content=\"Ponte en contacto con MS Consultores para recibir asesoramiento profesional en consultor\u00eda empresarial. Estamos aqu\u00ed para ayudarte.\" \/>\n<meta property=\"og:url\" content=\"https:\/\/ms-consultores.es\/index.php\/contacto\/\" \/>\n<meta property=\"og:site_name\" content=\"MS Consultores\" \/>\n<meta property=\"article:modified_time\" content=\"2023-06-12T10:03:41+00:00\" \/>\n<meta property=\"og:image\" content=\"https:\/\/ms-consultores.es\/wp-content\/uploads\/2020\/07\/ms-consultores-logo-png.png\" \/>\n\t<meta property=\"og:image:width\" content=\"200\" \/>\n\t<meta property=\"og:image:height\" content=\"200\" \/>\n\t<meta property=\"og:image:type\" content=\"image\/png\" \/>\n<meta name=\"twitter:card\" content=\"summary_large_image\" \/>\n<meta name=\"twitter:label1\" content=\"Tiempo de lectura\" \/>\n\t<meta name=\"twitter:data1\" content=\"2 minutos\" \/>\n<script type=\"application\/ld+json\" class=\"yoast-schema-graph\">{\"@context\":\"https:\/\/schema.org\",\"@graph\":[{\"@type\":\"WebPage\",\"@id\":\"https:\/\/ms-consultores.es\/index.php\/contacto\/\",\"url\":\"https:\/\/ms-consultores.es\/index.php\/contacto\/\",\"name\":\"Contacta con Nosotros - MS Consultores\",\"isPartOf\":{\"@id\":\"https:\/\/ms-consultores.es\/#website\"},\"datePublished\":\"2018-02-28T07:29:38+00:00\",\"dateModified\":\"2023-06-12T10:03:41+00:00\",\"description\":\"Ponte en contacto con MS Consultores para recibir asesoramiento profesional en consultor\u00eda empresarial. Estamos aqu\u00ed para ayudarte.\",\"breadcrumb\":{\"@id\":\"https:\/\/ms-consultores.es\/index.php\/contacto\/#breadcrumb\"},\"inLanguage\":\"es\",\"potentialAction\":[{\"@type\":\"ReadAction\",\"target\":[\"https:\/\/ms-consultores.es\/index.php\/contacto\/\"]}]},{\"@type\":\"BreadcrumbList\",\"@id\":\"https:\/\/ms-consultores.es\/index.php\/contacto\/#breadcrumb\",\"itemListElement\":[{\"@type\":\"ListItem\",\"position\":1,\"name\":\"Portada\",\"item\":\"https:\/\/ms-consultores.es\/\"},{\"@type\":\"ListItem\",\"position\":2,\"name\":\"Contacto\"}]},{\"@type\":\"WebSite\",\"@id\":\"https:\/\/ms-consultores.es\/#website\",\"url\":\"https:\/\/ms-consultores.es\/\",\"name\":\"MS-Consultores\",\"description\":\"\",\"publisher\":{\"@id\":\"https:\/\/ms-consultores.es\/#organization\"},\"potentialAction\":[{\"@type\":\"SearchAction\",\"target\":{\"@type\":\"EntryPoint\",\"urlTemplate\":\"https:\/\/ms-consultores.es\/?s={search_term_string}\"},\"query-input\":\"required name=search_term_string\"}],\"inLanguage\":\"es\"},{\"@type\":\"Organization\",\"@id\":\"https:\/\/ms-consultores.es\/#organization\",\"name\":\"MS-Consultores\",\"url\":\"https:\/\/ms-consultores.es\/\",\"logo\":{\"@type\":\"ImageObject\",\"inLanguage\":\"es\",\"@id\":\"https:\/\/ms-consultores.es\/#\/schema\/logo\/image\/\",\"url\":\"https:\/\/ms-consultores.es\/wp-content\/uploads\/2020\/07\/ms-consultores-logo-png.png\",\"contentUrl\":\"https:\/\/ms-consultores.es\/wp-content\/uploads\/2020\/07\/ms-consultores-logo-png.png\",\"width\":200,\"height\":200,\"caption\":\"MS-Consultores\"},\"image\":{\"@id\":\"https:\/\/ms-consultores.es\/#\/schema\/logo\/image\/\"}}]}<\/script>\n<!-- \/ Yoast SEO plugin. -->","yoast_head_json":{"title":"Contacta con Nosotros - MS Consultores","description":"Ponte en contacto con MS Consultores para recibir asesoramiento profesional en consultor\u00eda empresarial. Estamos aqu\u00ed para ayudarte.","robots":{"index":"index","follow":"follow","max-snippet":"max-snippet:-1","max-image-preview":"max-image-preview:large","max-video-preview":"max-video-preview:-1"},"canonical":"https:\/\/ms-consultores.es\/index.php\/contacto\/","og_locale":"es_ES","og_type":"article","og_title":"Contacta con Nosotros - MS Consultores","og_description":"Ponte en contacto con MS Consultores para recibir asesoramiento profesional en consultor\u00eda empresarial. Estamos aqu\u00ed para ayudarte.","og_url":"https:\/\/ms-consultores.es\/index.php\/contacto\/","og_site_name":"MS Consultores","article_modified_time":"2023-06-12T10:03:41+00:00","og_image":[{"width":200,"height":200,"url":"https:\/\/ms-consultores.es\/wp-content\/uploads\/2020\/07\/ms-consultores-logo-png.png","type":"image\/png"}],"twitter_card":"summary_large_image","twitter_misc":{"Tiempo de lectura":"2 minutos"},"schema":{"@context":"https:\/\/schema.org","@graph":[{"@type":"WebPage","@id":"https:\/\/ms-consultores.es\/index.php\/contacto\/","url":"https:\/\/ms-consultores.es\/index.php\/contacto\/","name":"Contacta con Nosotros - MS Consultores","isPartOf":{"@id":"https:\/\/ms-consultores.es\/#website"},"datePublished":"2018-02-28T07:29:38+00:00","dateModified":"2023-06-12T10:03:41+00:00","description":"Ponte en contacto con MS Consultores para recibir asesoramiento profesional en consultor\u00eda empresarial. Estamos aqu\u00ed para ayudarte.","breadcrumb":{"@id":"https:\/\/ms-consultores.es\/index.php\/contacto\/#breadcrumb"},"inLanguage":"es","potentialAction":[{"@type":"ReadAction","target":["https:\/\/ms-consultores.es\/index.php\/contacto\/"]}]},{"@type":"BreadcrumbList","@id":"https:\/\/ms-consultores.es\/index.php\/contacto\/#breadcrumb","itemListElement":[{"@type":"ListItem","position":1,"name":"Portada","item":"https:\/\/ms-consultores.es\/"},{"@type":"ListItem","position":2,"name":"Contacto"}]},{"@type":"WebSite","@id":"https:\/\/ms-consultores.es\/#website","url":"https:\/\/ms-consultores.es\/","name":"MS-Consultores","description":"","publisher":{"@id":"https:\/\/ms-consultores.es\/#organization"},"potentialAction":[{"@type":"SearchAction","target":{"@type":"EntryPoint","urlTemplate":"https:\/\/ms-consultores.es\/?s={search_term_string}"},"query-input":"required name=search_term_string"}],"inLanguage":"es"},{"@type":"Organization","@id":"https:\/\/ms-consultores.es\/#organization","name":"MS-Consultores","url":"https:\/\/ms-consultores.es\/","logo":{"@type":"ImageObject","inLanguage":"es","@id":"https:\/\/ms-consultores.es\/#\/schema\/logo\/image\/","url":"https:\/\/ms-consultores.es\/wp-content\/uploads\/2020\/07\/ms-consultores-logo-png.png","contentUrl":"https:\/\/ms-consultores.es\/wp-content\/uploads\/2020\/07\/ms-consultores-logo-png.png","width":200,"height":200,"caption":"MS-Consultores"},"image":{"@id":"https:\/\/ms-consultores.es\/#\/schema\/logo\/image\/"}}]}},"_links":{"self":[{"href":"https:\/\/ms-consultores.es\/index.php\/wp-json\/wp\/v2\/pages\/7116"}],"collection":[{"href":"https:\/\/ms-consultores.es\/index.php\/wp-json\/wp\/v2\/pages"}],"about":[{"href":"https:\/\/ms-consultores.es\/index.php\/wp-json\/wp\/v2\/types\/page"}],"author":[{"embeddable":true,"href":"https:\/\/ms-consultores.es\/index.php\/wp-json\/wp\/v2\/users\/1"}],"replies":[{"embeddable":true,"href":"https:\/\/ms-consultores.es\/index.php\/wp-json\/wp\/v2\/comments?post=7116"}],"version-history":[{"count":14,"href":"https:\/\/ms-consultores.es\/index.php\/wp-json\/wp\/v2\/pages\/7116\/revisions"}],"predecessor-version":[{"id":7778,"href":"https:\/\/ms-consultores.es\/index.php\/wp-json\/wp\/v2\/pages\/7116\/revisions\/7778"}],"wp:attachment":[{"href":"https:\/\/ms-consultores.es\/index.php\/wp-json\/wp\/v2\/media?parent=7116"}],"curies":[{"name":"wp","href":"https:\/\/api.w.org\/{rel}","templated":true}]}}